{"id":1188,"date":"2024-05-09T22:51:14","date_gmt":"2024-05-09T22:51:14","guid":{"rendered":"https:\/\/comferr.sk\/vyroba\/"},"modified":"2024-06-25T07:22:17","modified_gmt":"2024-06-25T07:22:17","slug":"our-services","status":"publish","type":"page","link":"https:\/\/comferr.sk\/en\/our-services\/","title":{"rendered":"Our Services"},"content":{"rendered":"\t\t<div data-elementor-type=\"wp-page\" data-elementor-id=\"1188\" class=\"elementor elementor-1188 elementor-255\" data-elementor-post-type=\"page\">\n\t\t\t\t\t\t\t\t\t<section class=\"elementor-section elementor-top-section elementor-element elementor-element-3003e721 elementor-section-boxed elementor-section-height-default elementor-section-height-default\" data-id=\"3003e721\" data-element_type=\"section\" data-settings=\"{&quot;background_background&quot;:&quot;classic&quot;}\">\n\t\t\t\t\t\t\t<div class=\"elementor-background-overlay\"><\/div>\n\t\t\t\t\t\t\t<div class=\"elementor-container elementor-column-gap-default\">\n\t\t\t\t\t<div class=\"elementor-column elementor-col-100 elementor-top-column elementor-element elementor-element-73542335\" data-id=\"73542335\" data-element_type=\"column\">\n\t\t\t<div class=\"elementor-widget-wrap elementor-element-populated\">\n\t\t\t\t\t\t\t\t<div class=\"elementor-element elementor-element-4615d986 elementor-invisible elementor-widget elementor-widget-heading\" data-id=\"4615d986\" data-element_type=\"widget\" data-settings=\"{&quot;_animation&quot;:&quot;fadeInUp&quot;}\" data-widget_type=\"heading.default\">\n\t\t\t\t<div class=\"elementor-widget-container\">\n\t\t\t<style>\/*! elementor - v3.17.0 - 25-10-2023 *\/\n.elementor-heading-title{padding:0;margin:0;line-height:1}.elementor-widget-heading .elementor-heading-title[class*=elementor-size-]>a{color:inherit;font-size:inherit;line-height:inherit}.elementor-widget-heading .elementor-heading-title.elementor-size-small{font-size:15px}.elementor-widget-heading .elementor-heading-title.elementor-size-medium{font-size:19px}.elementor-widget-heading .elementor-heading-title.elementor-size-large{font-size:29px}.elementor-widget-heading .elementor-heading-title.elementor-size-xl{font-size:39px}.elementor-widget-heading .elementor-heading-title.elementor-size-xxl{font-size:59px}<\/style><h1 class=\"elementor-heading-title elementor-size-default\">Our Services<\/h1>\t\t<\/div>\n\t\t\t\t<\/div>\n\t\t\t\t\t<\/div>\n\t\t<\/div>\n\t\t\t\t\t\t\t<\/div>\n\t\t<\/section>\n\t\t\t\t<section class=\"elementor-section elementor-top-section elementor-element elementor-element-6d0e9fa9 elementor-section-boxed elementor-section-height-default elementor-section-height-default\" data-id=\"6d0e9fa9\" data-element_type=\"section\" data-settings=\"{&quot;background_background&quot;:&quot;classic&quot;}\">\n\t\t\t\t\t\t\t<div class=\"elementor-background-overlay\"><\/div>\n\t\t\t\t\t\t\t<div class=\"elementor-container elementor-column-gap-default\">\n\t\t\t\t\t<div class=\"elementor-column elementor-col-100 elementor-top-column elementor-element elementor-element-56246fc2\" data-id=\"56246fc2\" data-element_type=\"column\">\n\t\t\t<div class=\"elementor-widget-wrap elementor-element-populated\">\n\t\t\t\t\t\t\t\t<div class=\"elementor-element elementor-element-60e75c19 elementor-widget elementor-widget-heading\" data-id=\"60e75c19\" data-element_type=\"widget\" data-widget_type=\"heading.default\">\n\t\t\t\t<div class=\"elementor-widget-container\">\n\t\t\t<h2 class=\"elementor-heading-title elementor-size-default\">Locksmith production<\/h2>\t\t<\/div>\n\t\t\t\t<\/div>\n\t\t\t\t<div class=\"elementor-element elementor-element-591c14c5 elementor-widget elementor-widget-text-editor\" data-id=\"591c14c5\" data-element_type=\"widget\" data-widget_type=\"text-editor.default\">\n\t\t\t\t<div class=\"elementor-widget-container\">\n\t\t\t<style>\/*! elementor - v3.17.0 - 25-10-2023 *\/\n.elementor-widget-text-editor.elementor-drop-cap-view-stacked .elementor-drop-cap{background-color:#69727d;color:#fff}.elementor-widget-text-editor.elementor-drop-cap-view-framed .elementor-drop-cap{color:#69727d;border:3px solid;background-color:transparent}.elementor-widget-text-editor:not(.elementor-drop-cap-view-default) .elementor-drop-cap{margin-top:8px}.elementor-widget-text-editor:not(.elementor-drop-cap-view-default) .elementor-drop-cap-letter{width:1em;height:1em}.elementor-widget-text-editor .elementor-drop-cap{float:left;text-align:center;line-height:1;font-size:50px}.elementor-widget-text-editor .elementor-drop-cap-letter{display:inline-block}<\/style>\t\t\t\t<p>In the field of locksmith production, our company offers comprehensive services that satisfy most requirements. Whether you are a large or small company, a household or an individual with a one-off order &#8211; we will produce for you exactly what you need, ranging from a small tray or pallet to a large steel construction of a building. The main areas of our locksmith production are:<\/p>\t\t\t\t\t\t<\/div>\n\t\t\t\t<\/div>\n\t\t\t\t<div class=\"elementor-element elementor-element-1bb36b86 elementor-widget__width-initial elementor-icon-list--layout-traditional elementor-list-item-link-full_width elementor-widget elementor-widget-icon-list\" data-id=\"1bb36b86\" data-element_type=\"widget\" data-widget_type=\"icon-list.default\">\n\t\t\t\t<div class=\"elementor-widget-container\">\n\t\t\t<link rel=\"stylesheet\" href=\"https:\/\/comferr.sk\/wp-content\/plugins\/elementor\/assets\/css\/widget-icon-list.min.css\">\t\t<ul class=\"elementor-icon-list-items\">\n\t\t\t\t\t\t\t<li class=\"elementor-icon-list-item\">\n\t\t\t\t\t\t\t\t\t\t\t<span class=\"elementor-icon-list-icon\">\n\t\t\t\t\t\t\t<i aria-hidden=\"true\" class=\"fas fa-check-circle\"><\/i>\t\t\t\t\t\t<\/span>\n\t\t\t\t\t\t\t\t\t\t<span class=\"elementor-icon-list-text\">Production of steel structures for industrial buildings<\/span>\n\t\t\t\t\t\t\t\t\t<\/li>\n\t\t\t\t\t\t\t\t<li class=\"elementor-icon-list-item\">\n\t\t\t\t\t\t\t\t\t\t\t<span class=\"elementor-icon-list-icon\">\n\t\t\t\t\t\t\t<i aria-hidden=\"true\" class=\"fas fa-check-circle\"><\/i>\t\t\t\t\t\t<\/span>\n\t\t\t\t\t\t\t\t\t\t<span class=\"elementor-icon-list-text\">Production of machine parts<\/span>\n\t\t\t\t\t\t\t\t\t<\/li>\n\t\t\t\t\t\t\t\t<li class=\"elementor-icon-list-item\">\n\t\t\t\t\t\t\t\t\t\t\t<span class=\"elementor-icon-list-icon\">\n\t\t\t\t\t\t\t<i aria-hidden=\"true\" class=\"fas fa-check-circle\"><\/i>\t\t\t\t\t\t<\/span>\n\t\t\t\t\t\t\t\t\t\t<span class=\"elementor-icon-list-text\">Production of steel pallets<\/span>\n\t\t\t\t\t\t\t\t\t<\/li>\n\t\t\t\t\t\t<\/ul>\n\t\t\t\t<\/div>\n\t\t\t\t<\/div>\n\t\t\t\t<div class=\"elementor-element elementor-element-05a0d4f elementor-widget__width-initial elementor-icon-list--layout-traditional elementor-list-item-link-full_width elementor-widget elementor-widget-icon-list\" data-id=\"05a0d4f\" data-element_type=\"widget\" data-widget_type=\"icon-list.default\">\n\t\t\t\t<div class=\"elementor-widget-container\">\n\t\t\t\t\t<ul class=\"elementor-icon-list-items\">\n\t\t\t\t\t\t\t<li class=\"elementor-icon-list-item\">\n\t\t\t\t\t\t\t\t\t\t\t<span class=\"elementor-icon-list-icon\">\n\t\t\t\t\t\t\t<i aria-hidden=\"true\" class=\"fas fa-check-circle\"><\/i>\t\t\t\t\t\t<\/span>\n\t\t\t\t\t\t\t\t\t\t<span class=\"elementor-icon-list-text\">Production of canopies and awnings<\/span>\n\t\t\t\t\t\t\t\t\t<\/li>\n\t\t\t\t\t\t\t\t<li class=\"elementor-icon-list-item\">\n\t\t\t\t\t\t\t\t\t\t\t<span class=\"elementor-icon-list-icon\">\n\t\t\t\t\t\t\t<i aria-hidden=\"true\" class=\"fas fa-check-circle\"><\/i>\t\t\t\t\t\t<\/span>\n\t\t\t\t\t\t\t\t\t\t<span class=\"elementor-icon-list-text\">Miscellaneous locksmith and welding works<\/span>\n\t\t\t\t\t\t\t\t\t<\/li>\n\t\t\t\t\t\t\t\t<li class=\"elementor-icon-list-item\">\n\t\t\t\t\t\t\t\t\t\t\t<span class=\"elementor-icon-list-icon\">\n\t\t\t\t\t\t\t<i aria-hidden=\"true\" class=\"fas fa-check-circle\"><\/i>\t\t\t\t\t\t<\/span>\n\t\t\t\t\t\t\t\t\t\t<span class=\"elementor-icon-list-text\">Production of storage tanks<\/span>\n\t\t\t\t\t\t\t\t\t<\/li>\n\t\t\t\t\t\t<\/ul>\n\t\t\t\t<\/div>\n\t\t\t\t<\/div>\n\t\t\t\t<div class=\"elementor-element elementor-element-ac4b398 elementor-widget__width-initial elementor-icon-list--layout-traditional elementor-list-item-link-full_width elementor-widget elementor-widget-icon-list\" data-id=\"ac4b398\" data-element_type=\"widget\" data-widget_type=\"icon-list.default\">\n\t\t\t\t<div class=\"elementor-widget-container\">\n\t\t\t\t\t<ul class=\"elementor-icon-list-items\">\n\t\t\t\t\t\t\t<li class=\"elementor-icon-list-item\">\n\t\t\t\t\t\t\t\t\t\t\t<span class=\"elementor-icon-list-icon\">\n\t\t\t\t\t\t\t<i aria-hidden=\"true\" class=\"fas fa-check-circle\"><\/i>\t\t\t\t\t\t<\/span>\n\t\t\t\t\t\t\t\t\t\t<span class=\"elementor-icon-list-text\">Conveyor belts<\/span>\n\t\t\t\t\t\t\t\t\t<\/li>\n\t\t\t\t\t\t\t\t<li class=\"elementor-icon-list-item\">\n\t\t\t\t\t\t\t\t\t\t\t<span class=\"elementor-icon-list-icon\">\n\t\t\t\t\t\t\t<i aria-hidden=\"true\" class=\"fas fa-check-circle\"><\/i>\t\t\t\t\t\t<\/span>\n\t\t\t\t\t\t\t\t\t\t<span class=\"elementor-icon-list-text\">Production of mixers<\/span>\n\t\t\t\t\t\t\t\t\t<\/li>\n\t\t\t\t\t\t\t\t<li class=\"elementor-icon-list-item\">\n\t\t\t\t\t\t\t\t\t\t\t<span class=\"elementor-icon-list-icon\">\n\t\t\t\t\t\t\t<i aria-hidden=\"true\" class=\"fas fa-check-circle\"><\/i>\t\t\t\t\t\t<\/span>\n\t\t\t\t\t\t\t\t\t\t<span class=\"elementor-icon-list-text\">Sewage treatment plants - metal parts<\/span>\n\t\t\t\t\t\t\t\t\t<\/li>\n\t\t\t\t\t\t<\/ul>\n\t\t\t\t<\/div>\n\t\t\t\t<\/div>\n\t\t\t\t\t<\/div>\n\t\t<\/div>\n\t\t\t\t\t\t\t<\/div>\n\t\t<\/section>\n\t\t<div class=\"elementor-element elementor-element-beb091c e-flex e-con-boxed e-con e-parent\" data-id=\"beb091c\" data-element_type=\"container\" data-settings=\"{&quot;background_background&quot;:&quot;classic&quot;,&quot;content_width&quot;:&quot;boxed&quot;}\" data-core-v316-plus=\"true\">\n\t\t\t\t\t<div class=\"e-con-inner\">\n\t\t<div class=\"elementor-element elementor-element-f46bfc1 e-con-full e-flex e-con e-child\" data-id=\"f46bfc1\" data-element_type=\"container\" data-settings=\"{&quot;content_width&quot;:&quot;full&quot;}\">\n\t\t\t\t<div class=\"elementor-element elementor-element-c3c3aec elementor-widget elementor-widget-image\" data-id=\"c3c3aec\" data-element_type=\"widget\" data-widget_type=\"image.default\">\n\t\t\t\t<div class=\"elementor-widget-container\">\n\t\t\t<style>\/*! elementor - v3.17.0 - 25-10-2023 *\/\n.elementor-widget-image{text-align:center}.elementor-widget-image a{display:inline-block}.elementor-widget-image a img[src$=\".svg\"]{width:48px}.elementor-widget-image img{vertical-align:middle;display:inline-block}<\/style>\t\t\t\t\t\t\t\t\t\t\t\t<img fetchpriority=\"high\" decoding=\"async\" width=\"800\" height=\"534\" src=\"https:\/\/comferr.sk\/wp-content\/uploads\/2024\/05\/tvarnenie-1024x683.jpg\" class=\"attachment-large size-large wp-image-675\" alt=\"\" srcset=\"https:\/\/comferr.sk\/wp-content\/uploads\/2024\/05\/tvarnenie-1024x683.jpg 1024w, https:\/\/comferr.sk\/wp-content\/uploads\/2024\/05\/tvarnenie-300x200.jpg 300w, https:\/\/comferr.sk\/wp-content\/uploads\/2024\/05\/tvarnenie-768x512.jpg 768w, https:\/\/comferr.sk\/wp-content\/uploads\/2024\/05\/tvarnenie-1536x1024.jpg 1536w, https:\/\/comferr.sk\/wp-content\/uploads\/2024\/05\/tvarnenie.jpg 1920w\" sizes=\"(max-width: 800px) 100vw, 800px\" \/>\t\t\t\t\t\t\t\t\t\t\t\t\t\t\t<\/div>\n\t\t\t\t<\/div>\n\t\t\t\t<div class=\"elementor-element elementor-element-8453f4c elementor-widget elementor-widget-heading\" data-id=\"8453f4c\" data-element_type=\"widget\" data-widget_type=\"heading.default\">\n\t\t\t\t<div class=\"elementor-widget-container\">\n\t\t\t<h3 class=\"elementor-heading-title elementor-size-default\">Material forming<\/h3>\t\t<\/div>\n\t\t\t\t<\/div>\n\t\t\t\t<div class=\"elementor-element elementor-element-f0bdb27 elementor-widget__width-initial elementor-widget elementor-widget-text-editor\" data-id=\"f0bdb27\" data-element_type=\"widget\" data-widget_type=\"text-editor.default\">\n\t\t\t\t<div class=\"elementor-widget-container\">\n\t\t\t\t\t\t\t<p>Sheet metal forming press with a clamping force of 200 t, metal sheets with a length of 3 m and up to 12 mm in thickness<\/p><p>Mechanical bending machines sheet, metal sheets with a length of 2m and up to 4 mm in thickness<\/p><p>Bending machine, metal sheets with a length of 2m and up to 10 mm in thickness<\/p><p>Profile bending machine, pipes with a diameter of up to \u0278 70<\/p><p>Eccentric presses, 20 t and 40 t<\/p><p>Hydraulic presses, 200 t and 90 t<\/p><p>Punching machine type B114<\/p>\t\t\t\t\t\t<\/div>\n\t\t\t\t<\/div>\n\t\t\t\t<\/div>\n\t\t<div class=\"elementor-element elementor-element-47177b4 e-con-full e-flex e-con e-child\" data-id=\"47177b4\" data-element_type=\"container\" data-settings=\"{&quot;content_width&quot;:&quot;full&quot;}\">\n\t\t\t\t<div class=\"elementor-element elementor-element-26b44ca elementor-widget elementor-widget-image\" data-id=\"26b44ca\" data-element_type=\"widget\" data-widget_type=\"image.default\">\n\t\t\t\t<div class=\"elementor-widget-container\">\n\t\t\t\t\t\t\t\t\t\t\t\t\t\t\t<img decoding=\"async\" width=\"800\" height=\"534\" src=\"https:\/\/comferr.sk\/wp-content\/uploads\/2024\/05\/delenie-1024x683.jpg\" class=\"attachment-large size-large wp-image-677\" alt=\"\" srcset=\"https:\/\/comferr.sk\/wp-content\/uploads\/2024\/05\/delenie-1024x683.jpg 1024w, https:\/\/comferr.sk\/wp-content\/uploads\/2024\/05\/delenie-300x200.jpg 300w, https:\/\/comferr.sk\/wp-content\/uploads\/2024\/05\/delenie-768x512.jpg 768w, https:\/\/comferr.sk\/wp-content\/uploads\/2024\/05\/delenie-1536x1024.jpg 1536w, https:\/\/comferr.sk\/wp-content\/uploads\/2024\/05\/delenie.jpg 1920w\" sizes=\"(max-width: 800px) 100vw, 800px\" \/>\t\t\t\t\t\t\t\t\t\t\t\t\t\t\t<\/div>\n\t\t\t\t<\/div>\n\t\t\t\t<div class=\"elementor-element elementor-element-079921d elementor-widget elementor-widget-heading\" data-id=\"079921d\" data-element_type=\"widget\" data-widget_type=\"heading.default\">\n\t\t\t\t<div class=\"elementor-widget-container\">\n\t\t\t<h3 class=\"elementor-heading-title elementor-size-default\">Material cutting<\/h3>\t\t<\/div>\n\t\t\t\t<\/div>\n\t\t\t\t<div class=\"elementor-element elementor-element-5b822a0 elementor-widget__width-initial elementor-widget elementor-widget-text-editor\" data-id=\"5b822a0\" data-element_type=\"widget\" data-widget_type=\"text-editor.default\">\n\t\t\t\t<div class=\"elementor-widget-container\">\n\t\t\t\t\t\t\t<p>Cutting machine \u2013 worktable area: 1500\u00d73000<\/p><p>plasma with a penetration of the plate of up to 12 mm<\/p><p>cutting with a penetration of the plate of up to 60 mm<\/p><p>Bomar band saws with a profile width of up to 340 mm<\/p><p>Bomar with a profile width of up to 200 mm \u2013 4 pcs<\/p><p>Sheet shears with a width of up to 3000 mm, with a penetration of the plate of up to 10mm<\/p>\t\t\t\t\t\t<\/div>\n\t\t\t\t<\/div>\n\t\t\t\t<\/div>\n\t\t<div class=\"elementor-element elementor-element-bcf38e1 e-con-full e-flex e-con e-child\" data-id=\"bcf38e1\" data-element_type=\"container\" data-settings=\"{&quot;content_width&quot;:&quot;full&quot;}\">\n\t\t\t\t<div class=\"elementor-element elementor-element-a9fdad7 elementor-widget elementor-widget-image\" data-id=\"a9fdad7\" data-element_type=\"widget\" data-widget_type=\"image.default\">\n\t\t\t\t<div class=\"elementor-widget-container\">\n\t\t\t\t\t\t\t\t\t\t\t\t\t\t\t<img decoding=\"async\" width=\"800\" height=\"534\" src=\"https:\/\/comferr.sk\/wp-content\/uploads\/2024\/05\/obrabanie-1024x683.jpg\" class=\"attachment-large size-large wp-image-678\" alt=\"\" srcset=\"https:\/\/comferr.sk\/wp-content\/uploads\/2024\/05\/obrabanie-1024x683.jpg 1024w, https:\/\/comferr.sk\/wp-content\/uploads\/2024\/05\/obrabanie-300x200.jpg 300w, https:\/\/comferr.sk\/wp-content\/uploads\/2024\/05\/obrabanie-768x512.jpg 768w, https:\/\/comferr.sk\/wp-content\/uploads\/2024\/05\/obrabanie-1536x1024.jpg 1536w, https:\/\/comferr.sk\/wp-content\/uploads\/2024\/05\/obrabanie.jpg 1920w\" sizes=\"(max-width: 800px) 100vw, 800px\" \/>\t\t\t\t\t\t\t\t\t\t\t\t\t\t\t<\/div>\n\t\t\t\t<\/div>\n\t\t\t\t<div class=\"elementor-element elementor-element-cf5682a elementor-widget elementor-widget-heading\" data-id=\"cf5682a\" data-element_type=\"widget\" data-widget_type=\"heading.default\">\n\t\t\t\t<div class=\"elementor-widget-container\">\n\t\t\t<h3 class=\"elementor-heading-title elementor-size-default\">Material processing<\/h3>\t\t<\/div>\n\t\t\t\t<\/div>\n\t\t\t\t<div class=\"elementor-element elementor-element-2bf7bb0 elementor-widget__width-initial elementor-widget elementor-widget-text-editor\" data-id=\"2bf7bb0\" data-element_type=\"widget\" data-widget_type=\"text-editor.default\">\n\t\t\t\t<div class=\"elementor-widget-container\">\n\t\t\t\t\t\t\t<p>Lathes: SU63, SU50, SV18, SUI40<\/p><p>Horizontal drilling machine, worktable area: 1,25\u00d71,25m, working height: 1,5m, type W100A<\/p><p>Standing drilling machines, types 2H135, 2H125, VS32A<\/p><p>Winged bit drills 2K52, 2M55<\/p><p>Drill VRX 50 NCA<\/p><p>Milling cutter, worktable length: 1,1m type FU\/315V\/2<\/p><p>Milling cutter FNG 40 CNC<\/p><p>6P82, 6H81, 6P81<\/p>\t\t\t\t\t\t<\/div>\n\t\t\t\t<\/div>\n\t\t\t\t<\/div>\n\t\t\t\t\t<\/div>\n\t\t\t\t<\/div>\n\t\t\t\t\t\t\t<\/div>\n\t\t","protected":false},"excerpt":{"rendered":"<p>Locksmith production In the field of locksmith production, our company offers comprehensive services that satisfy most requirements. Whether you are a large or small company, a household or an individual with a one-off order &#8211; we will produce for you exactly what you need, ranging from a small tray or pallet to a large steel [&hellip;]<\/p>\n","protected":false},"author":2,"featured_media":0,"parent":0,"menu_order":0,"comment_status":"closed","ping_status":"closed","template":"elementor_header_footer","meta":{"footnotes":""},"class_list":["post-1188","page","type-page","status-publish","hentry"],"yoast_head":"<!-- This site is optimized with the Yoast SEO plugin v24.0 - https:\/\/yoast.com\/wordpress\/plugins\/seo\/ -->\r\n<title>Our Services - Comferr<\/title>\r\n<meta name=\"description\" content=\"Comferr s.r.o. is currently focused on the custom manufacturing, single-item, and small-series production of steel structures and locksmith products.\" \/>\r\n<meta name=\"robots\" content=\"index, follow, max-snippet:-1, max-image-preview:large, max-video-preview:-1\" \/>\r\n<link rel=\"canonical\" href=\"https:\/\/comferr.sk\/en\/our-services\/\" \/>\r\n<meta property=\"og:locale\" content=\"en_US\" \/>\r\n<meta property=\"og:type\" content=\"article\" \/>\r\n<meta property=\"og:title\" content=\"Our Services - Comferr\" \/>\r\n<meta property=\"og:description\" content=\"Comferr s.r.o. is currently focused on the custom manufacturing, single-item, and small-series production of steel structures and locksmith products.\" \/>\r\n<meta property=\"og:url\" content=\"https:\/\/comferr.sk\/en\/our-services\/\" \/>\r\n<meta property=\"og:site_name\" content=\"Comferr\" \/>\r\n<meta property=\"article:modified_time\" content=\"2024-06-25T07:22:17+00:00\" \/>\r\n<meta property=\"og:image\" content=\"https:\/\/comferr.sk\/wp-content\/uploads\/2024\/05\/tvarnenie.jpg\" \/>\r\n\t<meta property=\"og:image:width\" content=\"1920\" \/>\r\n\t<meta property=\"og:image:height\" content=\"1280\" \/>\r\n\t<meta property=\"og:image:type\" content=\"image\/jpeg\" \/>\r\n<meta name=\"twitter:card\" content=\"summary_large_image\" \/>\r\n<meta name=\"twitter:label1\" content=\"Est. reading time\" \/>\n\t<meta name=\"twitter:data1\" content=\"1 minute\" \/>\r\n<script type=\"application\/ld+json\" class=\"yoast-schema-graph\">{\"@context\":\"https:\/\/schema.org\",\"@graph\":[{\"@type\":\"WebPage\",\"@id\":\"https:\/\/comferr.sk\/en\/our-services\/\",\"url\":\"https:\/\/comferr.sk\/en\/our-services\/\",\"name\":\"Our Services - Comferr\",\"isPartOf\":{\"@id\":\"https:\/\/comferr.sk\/en\/#website\"},\"primaryImageOfPage\":{\"@id\":\"https:\/\/comferr.sk\/en\/our-services\/#primaryimage\"},\"image\":{\"@id\":\"https:\/\/comferr.sk\/en\/our-services\/#primaryimage\"},\"thumbnailUrl\":\"https:\/\/comferr.sk\/wp-content\/uploads\/2024\/05\/tvarnenie-1024x683.jpg\",\"datePublished\":\"2024-05-09T22:51:14+00:00\",\"dateModified\":\"2024-06-25T07:22:17+00:00\",\"description\":\"Comferr s.r.o. is currently focused on the custom manufacturing, single-item, and small-series production of steel structures and locksmith products.\",\"breadcrumb\":{\"@id\":\"https:\/\/comferr.sk\/en\/our-services\/#breadcrumb\"},\"inLanguage\":\"en-US\",\"potentialAction\":[{\"@type\":\"ReadAction\",\"target\":[\"https:\/\/comferr.sk\/en\/our-services\/\"]}]},{\"@type\":\"ImageObject\",\"inLanguage\":\"en-US\",\"@id\":\"https:\/\/comferr.sk\/en\/our-services\/#primaryimage\",\"url\":\"https:\/\/comferr.sk\/wp-content\/uploads\/2024\/05\/tvarnenie-1024x683.jpg\",\"contentUrl\":\"https:\/\/comferr.sk\/wp-content\/uploads\/2024\/05\/tvarnenie-1024x683.jpg\"},{\"@type\":\"BreadcrumbList\",\"@id\":\"https:\/\/comferr.sk\/en\/our-services\/#breadcrumb\",\"itemListElement\":[{\"@type\":\"ListItem\",\"position\":1,\"name\":\"Domovsk\u00e1 str\u00e1nka\",\"item\":\"https:\/\/comferr.sk\/en\/uvod\/\"},{\"@type\":\"ListItem\",\"position\":2,\"name\":\"Our Services\"}]},{\"@type\":\"WebSite\",\"@id\":\"https:\/\/comferr.sk\/en\/#website\",\"url\":\"https:\/\/comferr.sk\/en\/\",\"name\":\"Comferr\",\"description\":\"Z\u00e1mo\u010dn\u00edcka a stroj\u00e1rska v\u00fdroba\",\"publisher\":{\"@id\":\"https:\/\/comferr.sk\/en\/#organization\"},\"potentialAction\":[{\"@type\":\"SearchAction\",\"target\":{\"@type\":\"EntryPoint\",\"urlTemplate\":\"https:\/\/comferr.sk\/en\/?s={search_term_string}\"},\"query-input\":{\"@type\":\"PropertyValueSpecification\",\"valueRequired\":true,\"valueName\":\"search_term_string\"}}],\"inLanguage\":\"en-US\"},{\"@type\":\"Organization\",\"@id\":\"https:\/\/comferr.sk\/en\/#organization\",\"name\":\"Comferr\",\"url\":\"https:\/\/comferr.sk\/en\/\",\"logo\":{\"@type\":\"ImageObject\",\"inLanguage\":\"en-US\",\"@id\":\"https:\/\/comferr.sk\/en\/#\/schema\/logo\/image\/\",\"url\":\"https:\/\/comferr.sk\/wp-content\/uploads\/2024\/05\/COMFERR-logo-blue.png\",\"contentUrl\":\"https:\/\/comferr.sk\/wp-content\/uploads\/2024\/05\/COMFERR-logo-blue.png\",\"width\":1000,\"height\":146,\"caption\":\"Comferr\"},\"image\":{\"@id\":\"https:\/\/comferr.sk\/en\/#\/schema\/logo\/image\/\"}}]}<\/script>\r\n<!-- \/ Yoast SEO plugin. -->","yoast_head_json":{"title":"Our Services - Comferr","description":"Comferr s.r.o. is currently focused on the custom manufacturing, single-item, and small-series production of steel structures and locksmith products.","robots":{"index":"index","follow":"follow","max-snippet":"max-snippet:-1","max-image-preview":"max-image-preview:large","max-video-preview":"max-video-preview:-1"},"canonical":"https:\/\/comferr.sk\/en\/our-services\/","og_locale":"en_US","og_type":"article","og_title":"Our Services - Comferr","og_description":"Comferr s.r.o. is currently focused on the custom manufacturing, single-item, and small-series production of steel structures and locksmith products.","og_url":"https:\/\/comferr.sk\/en\/our-services\/","og_site_name":"Comferr","article_modified_time":"2024-06-25T07:22:17+00:00","og_image":[{"width":1920,"height":1280,"url":"https:\/\/comferr.sk\/wp-content\/uploads\/2024\/05\/tvarnenie.jpg","type":"image\/jpeg"}],"twitter_card":"summary_large_image","twitter_misc":{"Est. reading time":"1 minute"},"schema":{"@context":"https:\/\/schema.org","@graph":[{"@type":"WebPage","@id":"https:\/\/comferr.sk\/en\/our-services\/","url":"https:\/\/comferr.sk\/en\/our-services\/","name":"Our Services - Comferr","isPartOf":{"@id":"https:\/\/comferr.sk\/en\/#website"},"primaryImageOfPage":{"@id":"https:\/\/comferr.sk\/en\/our-services\/#primaryimage"},"image":{"@id":"https:\/\/comferr.sk\/en\/our-services\/#primaryimage"},"thumbnailUrl":"https:\/\/comferr.sk\/wp-content\/uploads\/2024\/05\/tvarnenie-1024x683.jpg","datePublished":"2024-05-09T22:51:14+00:00","dateModified":"2024-06-25T07:22:17+00:00","description":"Comferr s.r.o. is currently focused on the custom manufacturing, single-item, and small-series production of steel structures and locksmith products.","breadcrumb":{"@id":"https:\/\/comferr.sk\/en\/our-services\/#breadcrumb"},"inLanguage":"en-US","potentialAction":[{"@type":"ReadAction","target":["https:\/\/comferr.sk\/en\/our-services\/"]}]},{"@type":"ImageObject","inLanguage":"en-US","@id":"https:\/\/comferr.sk\/en\/our-services\/#primaryimage","url":"https:\/\/comferr.sk\/wp-content\/uploads\/2024\/05\/tvarnenie-1024x683.jpg","contentUrl":"https:\/\/comferr.sk\/wp-content\/uploads\/2024\/05\/tvarnenie-1024x683.jpg"},{"@type":"BreadcrumbList","@id":"https:\/\/comferr.sk\/en\/our-services\/#breadcrumb","itemListElement":[{"@type":"ListItem","position":1,"name":"Domovsk\u00e1 str\u00e1nka","item":"https:\/\/comferr.sk\/en\/uvod\/"},{"@type":"ListItem","position":2,"name":"Our Services"}]},{"@type":"WebSite","@id":"https:\/\/comferr.sk\/en\/#website","url":"https:\/\/comferr.sk\/en\/","name":"Comferr","description":"Z\u00e1mo\u010dn\u00edcka a stroj\u00e1rska v\u00fdroba","publisher":{"@id":"https:\/\/comferr.sk\/en\/#organization"},"potentialAction":[{"@type":"SearchAction","target":{"@type":"EntryPoint","urlTemplate":"https:\/\/comferr.sk\/en\/?s={search_term_string}"},"query-input":{"@type":"PropertyValueSpecification","valueRequired":true,"valueName":"search_term_string"}}],"inLanguage":"en-US"},{"@type":"Organization","@id":"https:\/\/comferr.sk\/en\/#organization","name":"Comferr","url":"https:\/\/comferr.sk\/en\/","logo":{"@type":"ImageObject","inLanguage":"en-US","@id":"https:\/\/comferr.sk\/en\/#\/schema\/logo\/image\/","url":"https:\/\/comferr.sk\/wp-content\/uploads\/2024\/05\/COMFERR-logo-blue.png","contentUrl":"https:\/\/comferr.sk\/wp-content\/uploads\/2024\/05\/COMFERR-logo-blue.png","width":1000,"height":146,"caption":"Comferr"},"image":{"@id":"https:\/\/comferr.sk\/en\/#\/schema\/logo\/image\/"}}]}},"_links":{"self":[{"href":"https:\/\/comferr.sk\/en\/wp-json\/wp\/v2\/pages\/1188","targetHints":{"allow":["GET"]}}],"collection":[{"href":"https:\/\/comferr.sk\/en\/wp-json\/wp\/v2\/pages"}],"about":[{"href":"https:\/\/comferr.sk\/en\/wp-json\/wp\/v2\/types\/page"}],"author":[{"embeddable":true,"href":"https:\/\/comferr.sk\/en\/wp-json\/wp\/v2\/users\/2"}],"replies":[{"embeddable":true,"href":"https:\/\/comferr.sk\/en\/wp-json\/wp\/v2\/comments?post=1188"}],"version-history":[{"count":15,"href":"https:\/\/comferr.sk\/en\/wp-json\/wp\/v2\/pages\/1188\/revisions"}],"predecessor-version":[{"id":1290,"href":"https:\/\/comferr.sk\/en\/wp-json\/wp\/v2\/pages\/1188\/revisions\/1290"}],"wp:attachment":[{"href":"https:\/\/comferr.sk\/en\/wp-json\/wp\/v2\/media?parent=1188"}],"curies":[{"name":"wp","href":"https:\/\/api.w.org\/{rel}","templated":true}]}}